{"id":42,"date":"2021-01-04T23:18:22","date_gmt":"2021-01-04T22:18:22","guid":{"rendered":"https:\/\/marieastridflon-naturopathe.fr\/?page_id=42"},"modified":"2025-01-13T17:47:51","modified_gmt":"2025-01-13T16:47:51","slug":"fertilite-et-grossesse","status":"publish","type":"page","link":"https:\/\/marieastridflon-naturopathe.fr\/index.php\/fertilite-et-grossesse\/","title":{"rendered":"Accompagnements projet b\u00e9b\u00e9 \/ Grossesse"},"content":{"rendered":"\n<figure class=\"wp-block-image size-full\"><img loading=\"lazy\" width=\"500\" height=\"500\" src=\"https:\/\/marieastridflon-naturopathe.fr\/wp-content\/uploads\/2024\/09\/logo-sans-nom-1.png\" alt=\"\" class=\"wp-image-600\" srcset=\"https:\/\/marieastridflon-naturopathe.fr\/wp-content\/uploads\/2024\/09\/logo-sans-nom-1.png 500w, https:\/\/marieastridflon-naturopathe.fr\/wp-content\/uploads\/2024\/09\/logo-sans-nom-1-300x300.png 300w, https:\/\/marieastridflon-naturopathe.fr\/wp-content\/uploads\/2024\/09\/logo-sans-nom-1-150x150.png 150w, https:\/\/marieastridflon-naturopathe.fr\/wp-content\/uploads\/2024\/09\/logo-sans-nom-1-435x435.png 435w, https:\/\/marieastridflon-naturopathe.fr\/wp-content\/uploads\/2024\/09\/logo-sans-nom-1-60x60.png 60w\" sizes=\"(max-width: 500px) 100vw, 500px\" \/><\/figure>\n\n\n\n<figure class=\"wp-block-gallery columns-1 is-cropped\"><ul class=\"blocks-gallery-grid\"><li class=\"blocks-gallery-item\"><figure><img loading=\"lazy\" width=\"741\" height=\"1024\" src=\"https:\/\/marieastridflon-naturopathe.fr\/wp-content\/uploads\/2024\/10\/3-741x1024.png\" alt=\"\" data-id=\"622\" data-link=\"https:\/\/marieastridflon-naturopathe.fr\/index.php\/accompagnement-fertilite\/attachment\/3\/\" class=\"wp-image-622\" srcset=\"https:\/\/marieastridflon-naturopathe.fr\/wp-content\/uploads\/2024\/10\/3-741x1024.png 741w, https:\/\/marieastridflon-naturopathe.fr\/wp-content\/uploads\/2024\/10\/3-217x300.png 217w, https:\/\/marieastridflon-naturopathe.fr\/wp-content\/uploads\/2024\/10\/3-768x1061.png 768w, https:\/\/marieastridflon-naturopathe.fr\/wp-content\/uploads\/2024\/10\/3-1112x1536.png 1112w, https:\/\/marieastridflon-naturopathe.fr\/wp-content\/uploads\/2024\/10\/3-43x60.png 43w, https:\/\/marieastridflon-naturopathe.fr\/wp-content\/uploads\/2024\/10\/3.png 1448w\" sizes=\"(max-width: 741px) 100vw, 741px\" \/><\/figure><\/li><\/ul><\/figure>\n\n\n\n<figure class=\"wp-block-gallery columns-1 is-cropped\"><ul class=\"blocks-gallery-grid\"><li class=\"blocks-gallery-item\"><figure><img loading=\"lazy\" width=\"1448\" height=\"2000\" src=\"https:\/\/marieastridflon-naturopathe.fr\/wp-content\/uploads\/2024\/10\/4-741x1024.png\" alt=\"\" data-id=\"624\" data-full-url=\"https:\/\/marieastridflon-naturopathe.fr\/wp-content\/uploads\/2024\/10\/4.png\" data-link=\"https:\/\/marieastridflon-naturopathe.fr\/index.php\/accompagnement-fertilite\/attachment\/4\/\" class=\"wp-image-624\" srcset=\"https:\/\/marieastridflon-naturopathe.fr\/wp-content\/uploads\/2024\/10\/4-741x1024.png 741w, https:\/\/marieastridflon-naturopathe.fr\/wp-content\/uploads\/2024\/10\/4-217x300.png 217w, https:\/\/marieastridflon-naturopathe.fr\/wp-content\/uploads\/2024\/10\/4-768x1061.png 768w, https:\/\/marieastridflon-naturopathe.fr\/wp-content\/uploads\/2024\/10\/4-1112x1536.png 1112w, https:\/\/marieastridflon-naturopathe.fr\/wp-content\/uploads\/2024\/10\/4-43x60.png 43w, https:\/\/marieastridflon-naturopathe.fr\/wp-content\/uploads\/2024\/10\/4.png 1448w\" sizes=\"(max-width: 1448px) 100vw, 1448px\" \/><\/figure><\/li><\/ul><\/figure>\n\n\n\n<figure class=\"wp-block-gallery columns-1 is-cropped\"><ul class=\"blocks-gallery-grid\"><li class=\"blocks-gallery-item\"><figure><img loading=\"lazy\" width=\"741\" height=\"1024\" src=\"https:\/\/marieastridflon-naturopathe.fr\/wp-content\/uploads\/2024\/10\/2-1-741x1024.png\" alt=\"\" data-id=\"626\" data-full-url=\"https:\/\/marieastridflon-naturopathe.fr\/wp-content\/uploads\/2024\/10\/2-1.png\" data-link=\"https:\/\/marieastridflon-naturopathe.fr\/index.php\/accompagnement-fertilite\/2-1\/\" class=\"wp-image-626\" srcset=\"https:\/\/marieastridflon-naturopathe.fr\/wp-content\/uploads\/2024\/10\/2-1-741x1024.png 741w, https:\/\/marieastridflon-naturopathe.fr\/wp-content\/uploads\/2024\/10\/2-1-217x300.png 217w, https:\/\/marieastridflon-naturopathe.fr\/wp-content\/uploads\/2024\/10\/2-1-768x1061.png 768w, https:\/\/marieastridflon-naturopathe.fr\/wp-content\/uploads\/2024\/10\/2-1-1112x1536.png 1112w, https:\/\/marieastridflon-naturopathe.fr\/wp-content\/uploads\/2024\/10\/2-1-43x60.png 43w, https:\/\/marieastridflon-naturopathe.fr\/wp-content\/uploads\/2024\/10\/2-1.png 1448w\" sizes=\"(max-width: 741px) 100vw, 741px\" \/><\/figure><\/li><\/ul><\/figure>\n\n\n\n<div class=\"wp-block-buttons\">\n<div class=\"wp-block-button\"><a class=\"wp-block-button__link\" href=\"https:\/\/calendly.com\/marieastridflon-naturopathe\/accompagnement-sur-3-mois\">Prendre rendez-vous<\/a><\/div>\n<\/div>\n\n\n\n<figure class=\"wp-block-gallery columns-1 is-cropped\"><ul class=\"blocks-gallery-grid\"><li class=\"blocks-gallery-item\"><figure><img loading=\"lazy\" width=\"741\" height=\"1024\" src=\"https:\/\/marieastridflon-naturopathe.fr\/wp-content\/uploads\/2024\/10\/Accompagnements-741x1024.png\" alt=\"\" data-id=\"625\" data-full-url=\"https:\/\/marieastridflon-naturopathe.fr\/wp-content\/uploads\/2024\/10\/Accompagnements.png\" data-link=\"https:\/\/marieastridflon-naturopathe.fr\/index.php\/accompagnement-fertilite\/accompagnements\/\" class=\"wp-image-625\" srcset=\"https:\/\/marieastridflon-naturopathe.fr\/wp-content\/uploads\/2024\/10\/Accompagnements-741x1024.png 741w, https:\/\/marieastridflon-naturopathe.fr\/wp-content\/uploads\/2024\/10\/Accompagnements-217x300.png 217w, https:\/\/marieastridflon-naturopathe.fr\/wp-content\/uploads\/2024\/10\/Accompagnements-768x1061.png 768w, https:\/\/marieastridflon-naturopathe.fr\/wp-content\/uploads\/2024\/10\/Accompagnements-1112x1536.png 1112w, https:\/\/marieastridflon-naturopathe.fr\/wp-content\/uploads\/2024\/10\/Accompagnements-43x60.png 43w, https:\/\/marieastridflon-naturopathe.fr\/wp-content\/uploads\/2024\/10\/Accompagnements.png 1448w\" sizes=\"(max-width: 741px) 100vw, 741px\" \/><\/figure><\/li><\/ul><\/figure>\n\n\n\n<h1><a href=\"https:\/\/marieastridflon-naturopathe.fr\/index.php\/contact\/\">TARIFS<\/a><\/h1>\n\n\n\n<div class=\"wp-block-buttons\">\n<div class=\"wp-block-button\"><a class=\"wp-block-button__link\" href=\"https:\/\/calendly.com\/marieastridflon-naturopathe\/accompagnement-sur-3-mois\">Prendre rendez-vous<\/a><\/div>\n<\/div>\n\n\n\n<p><\/p>\n\n\n\n<h2>Accompagnement fertilit\u00e9<\/h2>\n\n\n\n<p>Un accompagnement complet et personnalis\u00e9 sur une dur\u00e9e de <strong>3 mois<\/strong> pour acqu\u00e9rir toutes les cl\u00e9s n\u00e9cessaires.<\/p>\n\n\n\n<p><strong>Une meilleure hygi\u00e8ne de vie<\/strong><\/p>\n\n\n\n<p>L\u2019hygi\u00e8ne de vie a un impact significatif sur la fertilit\u00e9. La maturation des follicules d\u00e9bute environ 3 mois avant le premier jour du cycle, tandis que les spermatozo\u00efdes prennent environ 74 jours. Ainsi, lors de l\u2019ovulation, l\u2019ovocyte est d\u00e9j\u00e0 en pr\u00e9paration depuis plus de 3 mois, alors que les spermatozo\u00efdes lib\u00e9r\u00e9s ont environ 2 mois et demi. En somme, les gam\u00e8tes refl\u00e8tent l\u2019hygi\u00e8ne de vie d\u2019il y a 3 mois. C&rsquo;est pourquoi on se concentre souvent sur cette m\u00eame p\u00e9riode pour observer des r\u00e9sultats.<\/p>\n\n\n\n<p><strong>Une alimentation propice \u00e0 la fertilit\u00e9<\/strong><\/p>\n\n\n\n<p>Pour favoriser la qualit\u00e9 des gam\u00e8tes, il est essentiel de fournir \u00e0 votre organisme des nutriments de qualit\u00e9 et en quantit\u00e9 ad\u00e9quate. Votre naturopathe saura vous guider vers une alimentation adapt\u00e9e qui soutiendra \u00e9galement votre \u00e9nergie pour ce projet.<\/p>\n\n\n\n<p><strong>Un bon sommeil<\/strong><\/p>\n\n\n\n<p>Le sommeil est crucial pour \u00e9viter de cr\u00e9er un stress inutile dans l\u2019organisme. Votre naturopathe vous proposera des conseils personnalis\u00e9s pour am\u00e9liorer la qualit\u00e9 de votre sommeil et favoriser une bonne r\u00e9cup\u00e9ration.<\/p>\n\n\n\n<p>U<strong>ne meilleure gestion du stress<\/strong><\/p>\n\n\n\n<p>Le stress est souvent un facteur perturbateur de la fertilit\u00e9. Dans le corps humain, la reproduction n\u2019est pas la priorit\u00e9, mais plut\u00f4t la survie, ce qui fait que le cortisol pr\u00e9domine. Gr\u00e2ce \u00e0 divers outils, le naturopathe vous aidera \u00e0 g\u00e9rer vos \u00e9motions, \u00e0 r\u00e9duire votre taux de cortisol et \u00e0 identifier les origines de votre stress.<\/p>\n\n\n\n<p><strong>Observation du cycle<\/strong><\/p>\n\n\n\n<p>Pour optimiser vos chances de conception, il est essentiel de reconna\u00eetre votre p\u00e9riode fertile et le moment de l\u2019ovulation. La pratique de la symptothermie peut vous aider \u00e0 optimiser vos chances de concevoir. Certains naturopathes peuvent vous initier ou vous former \u00e0 cette m\u00e9thode.<\/p>\n\n\n\n<h2>Accompagnement Grossesse<\/h2>\n\n\n\n<p>Un accompagnement complet et personnalis\u00e9 sur une dur\u00e9e de 3 mois pour acqu\u00e9rir toutes les cl\u00e9s n\u00e9cessaires.<\/p>\n\n\n\n<p><strong>Une meilleure hygi\u00e8ne de vie<\/strong><\/p>\n\n\n\n<p>L\u2019hygi\u00e8ne de vie pendant la grossesse est primordiale pour la vivre sereinement.<\/p>\n\n\n\n<p><strong>Une alimentation de qualit\u00e9<\/strong><\/p>\n\n\n\n<p>Les besoins nutritionnels d\u2019une femme enceinte ne sont pas les m\u00eames. Il faut savoir adapter son alimentation et manger 2 fois mieux! Une alimentation adapt\u00e9e qui soutiendra \u00e9galement votre immunit\u00e9 et votre \u00e9nergie pour ce projet.<\/p>\n\n\n\n<p><strong>Un bon sommeil<\/strong><\/p>\n\n\n\n<p>Un bon sommeil favorise une meilleure r\u00e9gulation hormonale, r\u00e9duit le stress et am\u00e9liore la r\u00e9cup\u00e9ration physique. De plus, il aide \u00e0 att\u00e9nuer les sympt\u00f4mes courants de la grossesse, comme la fatigue et les naus\u00e9es. Un sommeil de qualit\u00e9 contribue \u00e9galement \u00e0 renforcer le syst\u00e8me immunitaire et \u00e0 pr\u00e9parer le corps aux d\u00e9fis de l&rsquo;accouchement.<\/p>\n\n\n\n<p><strong>Une meilleure gestion du stress<\/strong><\/p>\n\n\n\n<p>La gestion du stress pendant la grossesse est essentielle pour le bien-\u00eatre de la m\u00e8re et du f\u0153tus. Le stress excessif peut entra\u00eener des complications, comme des probl\u00e8mes de sant\u00e9 physique et mentale. En prenant soin de sa sant\u00e9 \u00e9motionnelle, une future maman contribue \u00e0 cr\u00e9er un environnement propice au d\u00e9veloppement serein du b\u00e9b\u00e9.<\/p>\n\n\n\n<p><strong>Une gestion des petits maux<\/strong><\/p>\n\n\n\n<p>Soigner les petits maux de la grossesse par des m\u00e9thodes naturelles rev\u00eat une grande importance, car ce sont des alternatives douces aux m\u00e9dicaments parfois incompatibles avec la grossesse. En adoptant une approche holistique, les futures mamans peuvent mieux g\u00e9rer des inconforts tels que les naus\u00e9es, les douleurs lombaires ou l&rsquo;anxi\u00e9t\u00e9, tout en renfor\u00e7ant leur connexion avec leur corps.<\/p>\n","protected":false},"excerpt":{"rendered":"<p>TARIFS Accompagnement fertilit\u00e9 Un accompagnement complet et personnalis\u00e9 sur une dur\u00e9e de 3 mois pour acqu\u00e9rir toutes les cl\u00e9s n\u00e9cessaires. Une meilleure hygi\u00e8ne de vie L\u2019hygi\u00e8ne de vie a un impact significatif sur la fertilit\u00e9. La maturation des follicules d\u00e9bute environ 3 mois avant le premier jour du cycle, tandis que les spermatozo\u00efdes prennent environ &hellip; <\/p>\n","protected":false},"author":1,"featured_media":0,"parent":0,"menu_order":0,"comment_status":"closed","ping_status":"closed","template":"","meta":[],"yoast_head":"<!-- This site is optimized with the Yoast SEO plugin v19.4 - https:\/\/yoast.com\/wordpress\/plugins\/seo\/ -->\n<title>Accompagnements projet b\u00e9b\u00e9 \/ Grossesse - La nature au service de votre bien-\u00eatre<\/title>\n<meta name=\"description\" content=\"femme enceinte, grossesse, huiles essentielles, bien-\u00eatre, naturopathe, projet b\u00e9b\u00e9, id\u00e9e cadeau femme, nutrition, fertilit\u00e9, infertilit\u00e9, PMA\" \/>\n<meta name=\"robots\" content=\"index, follow, max-snippet:-1, max-image-preview:large, max-video-preview:-1\" \/>\n<link rel=\"canonical\" href=\"https:\/\/marieastridflon-naturopathe.fr\/index.php\/fertilite-et-grossesse\/\" \/>\n<meta property=\"og:locale\" content=\"fr_FR\" \/>\n<meta property=\"og:type\" content=\"article\" \/>\n<meta property=\"og:title\" content=\"Accompagnements projet b\u00e9b\u00e9 \/ Grossesse - La nature au service de votre bien-\u00eatre\" \/>\n<meta property=\"og:description\" content=\"femme enceinte, grossesse, huiles essentielles, bien-\u00eatre, naturopathe, projet b\u00e9b\u00e9, id\u00e9e cadeau femme, nutrition, fertilit\u00e9, infertilit\u00e9, PMA\" \/>\n<meta property=\"og:url\" content=\"https:\/\/marieastridflon-naturopathe.fr\/index.php\/fertilite-et-grossesse\/\" \/>\n<meta property=\"og:site_name\" content=\"La nature au service de votre bien-\u00eatre\" \/>\n<meta property=\"article:modified_time\" content=\"2025-01-13T16:47:51+00:00\" \/>\n<meta property=\"og:image\" content=\"https:\/\/marieastridflon-naturopathe.fr\/wp-content\/uploads\/2024\/09\/logo-sans-nom-1.png\" \/>\n<meta name=\"twitter:card\" content=\"summary_large_image\" \/>\n<meta name=\"twitter:label1\" content=\"Dur\u00e9e de lecture estim\u00e9e\" \/>\n\t<meta name=\"twitter:data1\" content=\"4 minutes\" \/>\n<script type=\"application\/ld+json\" class=\"yoast-schema-graph\">{\"@context\":\"https:\/\/schema.org\",\"@graph\":[{\"@type\":\"Organization\",\"@id\":\"https:\/\/marieastridflon-naturopathe.fr\/#organization\",\"name\":\"La nature au service de votre bien-\u00eatre\",\"url\":\"https:\/\/marieastridflon-naturopathe.fr\/\",\"sameAs\":[],\"logo\":{\"@type\":\"ImageObject\",\"inLanguage\":\"fr-FR\",\"@id\":\"https:\/\/marieastridflon-naturopathe.fr\/#\/schema\/logo\/image\/\",\"url\":\"https:\/\/marieastridflon-naturopathe.fr\/wp-content\/uploads\/2024\/09\/cropped-Banniere-Facebook.png\",\"contentUrl\":\"https:\/\/marieastridflon-naturopathe.fr\/wp-content\/uploads\/2024\/09\/cropped-Banniere-Facebook.png\",\"width\":851,\"height\":315,\"caption\":\"La nature au service de votre bien-\u00eatre\"},\"image\":{\"@id\":\"https:\/\/marieastridflon-naturopathe.fr\/#\/schema\/logo\/image\/\"}},{\"@type\":\"WebSite\",\"@id\":\"https:\/\/marieastridflon-naturopathe.fr\/#website\",\"url\":\"https:\/\/marieastridflon-naturopathe.fr\/\",\"name\":\"La nature au service de votre bien-\u00eatre\",\"description\":\"\",\"publisher\":{\"@id\":\"https:\/\/marieastridflon-naturopathe.fr\/#organization\"},\"potentialAction\":[{\"@type\":\"SearchAction\",\"target\":{\"@type\":\"EntryPoint\",\"urlTemplate\":\"https:\/\/marieastridflon-naturopathe.fr\/?s={search_term_string}\"},\"query-input\":\"required name=search_term_string\"}],\"inLanguage\":\"fr-FR\"},{\"@type\":\"WebPage\",\"@id\":\"https:\/\/marieastridflon-naturopathe.fr\/index.php\/fertilite-et-grossesse\/\",\"url\":\"https:\/\/marieastridflon-naturopathe.fr\/index.php\/fertilite-et-grossesse\/\",\"name\":\"Accompagnements projet b\u00e9b\u00e9 \/ Grossesse - La nature au service de votre bien-\u00eatre\",\"isPartOf\":{\"@id\":\"https:\/\/marieastridflon-naturopathe.fr\/#website\"},\"datePublished\":\"2021-01-04T22:18:22+00:00\",\"dateModified\":\"2025-01-13T16:47:51+00:00\",\"description\":\"femme enceinte, grossesse, huiles essentielles, bien-\u00eatre, naturopathe, projet b\u00e9b\u00e9, id\u00e9e cadeau femme, nutrition, fertilit\u00e9, infertilit\u00e9, PMA\",\"breadcrumb\":{\"@id\":\"https:\/\/marieastridflon-naturopathe.fr\/index.php\/fertilite-et-grossesse\/#breadcrumb\"},\"inLanguage\":\"fr-FR\",\"potentialAction\":[{\"@type\":\"ReadAction\",\"target\":[\"https:\/\/marieastridflon-naturopathe.fr\/index.php\/fertilite-et-grossesse\/\"]}]},{\"@type\":\"BreadcrumbList\",\"@id\":\"https:\/\/marieastridflon-naturopathe.fr\/index.php\/fertilite-et-grossesse\/#breadcrumb\",\"itemListElement\":[{\"@type\":\"ListItem\",\"position\":1,\"name\":\"Accueil\",\"item\":\"https:\/\/marieastridflon-naturopathe.fr\/\"},{\"@type\":\"ListItem\",\"position\":2,\"name\":\"Accompagnements projet b\u00e9b\u00e9 \/ Grossesse\"}]}]}<\/script>\n<!-- \/ Yoast SEO plugin. -->","yoast_head_json":{"title":"Accompagnements projet b\u00e9b\u00e9 \/ Grossesse - La nature au service de votre bien-\u00eatre","description":"femme enceinte, grossesse, huiles essentielles, bien-\u00eatre, naturopathe, projet b\u00e9b\u00e9, id\u00e9e cadeau femme, nutrition, fertilit\u00e9, infertilit\u00e9, PMA","robots":{"index":"index","follow":"follow","max-snippet":"max-snippet:-1","max-image-preview":"max-image-preview:large","max-video-preview":"max-video-preview:-1"},"canonical":"https:\/\/marieastridflon-naturopathe.fr\/index.php\/fertilite-et-grossesse\/","og_locale":"fr_FR","og_type":"article","og_title":"Accompagnements projet b\u00e9b\u00e9 \/ Grossesse - La nature au service de votre bien-\u00eatre","og_description":"femme enceinte, grossesse, huiles essentielles, bien-\u00eatre, naturopathe, projet b\u00e9b\u00e9, id\u00e9e cadeau femme, nutrition, fertilit\u00e9, infertilit\u00e9, PMA","og_url":"https:\/\/marieastridflon-naturopathe.fr\/index.php\/fertilite-et-grossesse\/","og_site_name":"La nature au service de votre bien-\u00eatre","article_modified_time":"2025-01-13T16:47:51+00:00","og_image":[{"url":"https:\/\/marieastridflon-naturopathe.fr\/wp-content\/uploads\/2024\/09\/logo-sans-nom-1.png"}],"twitter_card":"summary_large_image","twitter_misc":{"Dur\u00e9e de lecture estim\u00e9e":"4 minutes"},"schema":{"@context":"https:\/\/schema.org","@graph":[{"@type":"Organization","@id":"https:\/\/marieastridflon-naturopathe.fr\/#organization","name":"La nature au service de votre bien-\u00eatre","url":"https:\/\/marieastridflon-naturopathe.fr\/","sameAs":[],"logo":{"@type":"ImageObject","inLanguage":"fr-FR","@id":"https:\/\/marieastridflon-naturopathe.fr\/#\/schema\/logo\/image\/","url":"https:\/\/marieastridflon-naturopathe.fr\/wp-content\/uploads\/2024\/09\/cropped-Banniere-Facebook.png","contentUrl":"https:\/\/marieastridflon-naturopathe.fr\/wp-content\/uploads\/2024\/09\/cropped-Banniere-Facebook.png","width":851,"height":315,"caption":"La nature au service de votre bien-\u00eatre"},"image":{"@id":"https:\/\/marieastridflon-naturopathe.fr\/#\/schema\/logo\/image\/"}},{"@type":"WebSite","@id":"https:\/\/marieastridflon-naturopathe.fr\/#website","url":"https:\/\/marieastridflon-naturopathe.fr\/","name":"La nature au service de votre bien-\u00eatre","description":"","publisher":{"@id":"https:\/\/marieastridflon-naturopathe.fr\/#organization"},"potentialAction":[{"@type":"SearchAction","target":{"@type":"EntryPoint","urlTemplate":"https:\/\/marieastridflon-naturopathe.fr\/?s={search_term_string}"},"query-input":"required name=search_term_string"}],"inLanguage":"fr-FR"},{"@type":"WebPage","@id":"https:\/\/marieastridflon-naturopathe.fr\/index.php\/fertilite-et-grossesse\/","url":"https:\/\/marieastridflon-naturopathe.fr\/index.php\/fertilite-et-grossesse\/","name":"Accompagnements projet b\u00e9b\u00e9 \/ Grossesse - La nature au service de votre bien-\u00eatre","isPartOf":{"@id":"https:\/\/marieastridflon-naturopathe.fr\/#website"},"datePublished":"2021-01-04T22:18:22+00:00","dateModified":"2025-01-13T16:47:51+00:00","description":"femme enceinte, grossesse, huiles essentielles, bien-\u00eatre, naturopathe, projet b\u00e9b\u00e9, id\u00e9e cadeau femme, nutrition, fertilit\u00e9, infertilit\u00e9, PMA","breadcrumb":{"@id":"https:\/\/marieastridflon-naturopathe.fr\/index.php\/fertilite-et-grossesse\/#breadcrumb"},"inLanguage":"fr-FR","potentialAction":[{"@type":"ReadAction","target":["https:\/\/marieastridflon-naturopathe.fr\/index.php\/fertilite-et-grossesse\/"]}]},{"@type":"BreadcrumbList","@id":"https:\/\/marieastridflon-naturopathe.fr\/index.php\/fertilite-et-grossesse\/#breadcrumb","itemListElement":[{"@type":"ListItem","position":1,"name":"Accueil","item":"https:\/\/marieastridflon-naturopathe.fr\/"},{"@type":"ListItem","position":2,"name":"Accompagnements projet b\u00e9b\u00e9 \/ Grossesse"}]}]}},"_links":{"self":[{"href":"https:\/\/marieastridflon-naturopathe.fr\/index.php\/wp-json\/wp\/v2\/pages\/42"}],"collection":[{"href":"https:\/\/marieastridflon-naturopathe.fr\/index.php\/wp-json\/wp\/v2\/pages"}],"about":[{"href":"https:\/\/marieastridflon-naturopathe.fr\/index.php\/wp-json\/wp\/v2\/types\/page"}],"author":[{"embeddable":true,"href":"https:\/\/marieastridflon-naturopathe.fr\/index.php\/wp-json\/wp\/v2\/users\/1"}],"replies":[{"embeddable":true,"href":"https:\/\/marieastridflon-naturopathe.fr\/index.php\/wp-json\/wp\/v2\/comments?post=42"}],"version-history":[{"count":13,"href":"https:\/\/marieastridflon-naturopathe.fr\/index.php\/wp-json\/wp\/v2\/pages\/42\/revisions"}],"predecessor-version":[{"id":642,"href":"https:\/\/marieastridflon-naturopathe.fr\/index.php\/wp-json\/wp\/v2\/pages\/42\/revisions\/642"}],"wp:attachment":[{"href":"https:\/\/marieastridflon-naturopathe.fr\/index.php\/wp-json\/wp\/v2\/media?parent=42"}],"curies":[{"name":"wp","href":"https:\/\/api.w.org\/{rel}","templated":true}]}}