{"id":240,"date":"2021-01-27T22:44:55","date_gmt":"2021-01-27T21:44:55","guid":{"rendered":"https:\/\/marieastridflon-naturopathe.fr\/?page_id=240"},"modified":"2021-12-15T13:15:18","modified_gmt":"2021-12-15T12:15:18","slug":"entreprises","status":"publish","type":"page","link":"https:\/\/marieastridflon-naturopathe.fr\/index.php\/entreprises\/","title":{"rendered":"Entreprises"},"content":{"rendered":"\n<p>Coaching en sant\u00e9 et Bien-\u00eatre, j&rsquo;interviens dans les entreprises de la M\u00e9tropole Lilloise, les \u00e9coles et universit\u00e9s.<\/p>\n\n\n\n<figure class=\"wp-block-image size-large\"><img loading=\"lazy\" width=\"800\" height=\"800\" src=\"https:\/\/marieastridflon-naturopathe.fr\/wp-content\/uploads\/2021\/02\/White-Classic-Feminine-Collage-Animated-Social-Media-Graphic-2.gif\" alt=\"\" class=\"wp-image-385\"\/><\/figure>\n\n\n\n<figure class=\"wp-block-image size-large\"><img loading=\"lazy\" width=\"612\" height=\"454\" src=\"https:\/\/marieastridflon-naturopathe.fr\/wp-content\/uploads\/2021\/01\/mediter-au-travail.jpg\" alt=\"\" class=\"wp-image-244\" srcset=\"https:\/\/marieastridflon-naturopathe.fr\/wp-content\/uploads\/2021\/01\/mediter-au-travail.jpg 612w, https:\/\/marieastridflon-naturopathe.fr\/wp-content\/uploads\/2021\/01\/mediter-au-travail-300x223.jpg 300w, https:\/\/marieastridflon-naturopathe.fr\/wp-content\/uploads\/2021\/01\/mediter-au-travail-81x60.jpg 81w\" sizes=\"(max-width: 612px) 100vw, 612px\" \/><\/figure>\n\n\n\n<h2>Atelier bien-\u00eatre et relaxation<\/h2>\n\n\n\n<p>Dans cet atelier nous aborderons quelles sont les plantes et les aliments pour favoriser le bien-\u00eatre? Quels outils mettre en place en cas de stress?<\/p>\n\n\n\n<p>L&rsquo;atelier se termine par 2 s\u00e9ances de relaxation<\/p>\n\n\n\n<figure class=\"wp-block-image size-large is-resized\"><img loading=\"lazy\" src=\"https:\/\/marieastridflon-naturopathe.fr\/wp-content\/uploads\/2021\/12\/atelier-1-819x1024.jpg\" alt=\"\" class=\"wp-image-572\" width=\"618\" height=\"773\" srcset=\"https:\/\/marieastridflon-naturopathe.fr\/wp-content\/uploads\/2021\/12\/atelier-1-819x1024.jpg 819w, https:\/\/marieastridflon-naturopathe.fr\/wp-content\/uploads\/2021\/12\/atelier-1-240x300.jpg 240w, https:\/\/marieastridflon-naturopathe.fr\/wp-content\/uploads\/2021\/12\/atelier-1-768x960.jpg 768w, https:\/\/marieastridflon-naturopathe.fr\/wp-content\/uploads\/2021\/12\/atelier-1-1229x1536.jpg 1229w, https:\/\/marieastridflon-naturopathe.fr\/wp-content\/uploads\/2021\/12\/atelier-1-48x60.jpg 48w, https:\/\/marieastridflon-naturopathe.fr\/wp-content\/uploads\/2021\/12\/atelier-1.jpg 1280w\" sizes=\"(max-width: 618px) 100vw, 618px\" \/><figcaption>Atelier Bien-\u00eatre et relaxation<\/figcaption><\/figure>\n\n\n\n<figure class=\"wp-block-image size-large is-resized\"><img loading=\"lazy\" src=\"https:\/\/marieastridflon-naturopathe.fr\/wp-content\/uploads\/2021\/12\/atelier-2-821x1024.jpg\" alt=\"\" class=\"wp-image-573\" width=\"619\" height=\"772\" srcset=\"https:\/\/marieastridflon-naturopathe.fr\/wp-content\/uploads\/2021\/12\/atelier-2-821x1024.jpg 821w, https:\/\/marieastridflon-naturopathe.fr\/wp-content\/uploads\/2021\/12\/atelier-2-240x300.jpg 240w, https:\/\/marieastridflon-naturopathe.fr\/wp-content\/uploads\/2021\/12\/atelier-2-768x958.jpg 768w, https:\/\/marieastridflon-naturopathe.fr\/wp-content\/uploads\/2021\/12\/atelier-2-1231x1536.jpg 1231w, https:\/\/marieastridflon-naturopathe.fr\/wp-content\/uploads\/2021\/12\/atelier-2-48x60.jpg 48w, https:\/\/marieastridflon-naturopathe.fr\/wp-content\/uploads\/2021\/12\/atelier-2.jpg 1276w\" sizes=\"(max-width: 619px) 100vw, 619px\" \/><figcaption>Atelier Bien-\u00eatre et relaxation<\/figcaption><\/figure>\n\n\n\n<h2>Pour une prestation sur mesure, vous pouvez me contacter afin d&rsquo;\u00e9valuer vos besoins. <\/h2>\n\n\n\n<div class=\"wp-block-buttons\">\n<div class=\"wp-block-button is-style-outline\"><a class=\"wp-block-button__link\" href=\"https:\/\/marieastridflon-naturopathe.fr\/index.php\/contact\/\">Me contacter<\/a><\/div>\n<\/div>\n\n\n\n<ul class=\"wp-block-social-links aligncenter\"><li class=\"wp-social-link wp-social-link-facebook wp-block-social-link\"><a href=\"https:\/\/www.facebook.com\/Marieastridflonnaturopathe\" aria-label=\"Facebook\u00a0: https:\/\/www.facebook.com\/Marieastridflonnaturopathe\"  class=\"wp-block-social-link-anchor\"> <svg width=\"24\" height=\"24\" viewBox=\"0 0 24 24\" version=\"1.1\" xmlns=\"http:\/\/www.w3.org\/2000\/svg\" role=\"img\" aria-hidden=\"true\" focusable=\"false\"><path d=\"M12 2C6.5 2 2 6.5 2 12c0 5 3.7 9.1 8.4 9.9v-7H7.9V12h2.5V9.8c0-2.5 1.5-3.9 3.8-3.9 1.1 0 2.2.2 2.2.2v2.5h-1.3c-1.2 0-1.6.8-1.6 1.6V12h2.8l-.4 2.9h-2.3v7C18.3 21.1 22 17 22 12c0-5.5-4.5-10-10-10z\"><\/path><\/svg><\/a><\/li>\n\n<li class=\"wp-social-link wp-social-link-instagram wp-block-social-link\"><a href=\"https:\/\/www.instagram.com\/marieastridflon.naturo\/\" aria-label=\"Instagram\u00a0: https:\/\/www.instagram.com\/marieastridflon.naturo\/\"  class=\"wp-block-social-link-anchor\"> <svg width=\"24\" height=\"24\" viewBox=\"0 0 24 24\" version=\"1.1\" xmlns=\"http:\/\/www.w3.org\/2000\/svg\" role=\"img\" aria-hidden=\"true\" focusable=\"false\"><path d=\"M12,4.622c2.403,0,2.688,0.009,3.637,0.052c0.877,0.04,1.354,0.187,1.671,0.31c0.42,0.163,0.72,0.358,1.035,0.673 c0.315,0.315,0.51,0.615,0.673,1.035c0.123,0.317,0.27,0.794,0.31,1.671c0.043,0.949,0.052,1.234,0.052,3.637 s-0.009,2.688-0.052,3.637c-0.04,0.877-0.187,1.354-0.31,1.671c-0.163,0.42-0.358,0.72-0.673,1.035 c-0.315,0.315-0.615,0.51-1.035,0.673c-0.317,0.123-0.794,0.27-1.671,0.31c-0.949,0.043-1.233,0.052-3.637,0.052 s-2.688-0.009-3.637-0.052c-0.877-0.04-1.354-0.187-1.671-0.31c-0.42-0.163-0.72-0.358-1.035-0.673 c-0.315-0.315-0.51-0.615-0.673-1.035c-0.123-0.317-0.27-0.794-0.31-1.671C4.631,14.688,4.622,14.403,4.622,12 s0.009-2.688,0.052-3.637c0.04-0.877,0.187-1.354,0.31-1.671c0.163-0.42,0.358-0.72,0.673-1.035 c0.315-0.315,0.615-0.51,1.035-0.673c0.317-0.123,0.794-0.27,1.671-0.31C9.312,4.631,9.597,4.622,12,4.622 M12,3 C9.556,3,9.249,3.01,8.289,3.054C7.331,3.098,6.677,3.25,6.105,3.472C5.513,3.702,5.011,4.01,4.511,4.511 c-0.5,0.5-0.808,1.002-1.038,1.594C3.25,6.677,3.098,7.331,3.054,8.289C3.01,9.249,3,9.556,3,12c0,2.444,0.01,2.751,0.054,3.711 c0.044,0.958,0.196,1.612,0.418,2.185c0.23,0.592,0.538,1.094,1.038,1.594c0.5,0.5,1.002,0.808,1.594,1.038 c0.572,0.222,1.227,0.375,2.185,0.418C9.249,20.99,9.556,21,12,21s2.751-0.01,3.711-0.054c0.958-0.044,1.612-0.196,2.185-0.418 c0.592-0.23,1.094-0.538,1.594-1.038c0.5-0.5,0.808-1.002,1.038-1.594c0.222-0.572,0.375-1.227,0.418-2.185 C20.99,14.751,21,14.444,21,12s-0.01-2.751-0.054-3.711c-0.044-0.958-0.196-1.612-0.418-2.185c-0.23-0.592-0.538-1.094-1.038-1.594 c-0.5-0.5-1.002-0.808-1.594-1.038c-0.572-0.222-1.227-0.375-2.185-0.418C14.751,3.01,14.444,3,12,3L12,3z M12,7.378 c-2.552,0-4.622,2.069-4.622,4.622S9.448,16.622,12,16.622s4.622-2.069,4.622-4.622S14.552,7.378,12,7.378z M12,15 c-1.657,0-3-1.343-3-3s1.343-3,3-3s3,1.343,3,3S13.657,15,12,15z M16.804,6.116c-0.596,0-1.08,0.484-1.08,1.08 s0.484,1.08,1.08,1.08c0.596,0,1.08-0.484,1.08-1.08S17.401,6.116,16.804,6.116z\"><\/path><\/svg><\/a><\/li><\/ul>\n","protected":false},"excerpt":{"rendered":"<p>Coaching en sant\u00e9 et Bien-\u00eatre, j&rsquo;interviens dans les entreprises de la M\u00e9tropole Lilloise, les \u00e9coles et universit\u00e9s. Atelier bien-\u00eatre et relaxation Dans cet atelier nous aborderons quelles sont les plantes et les aliments pour favoriser le bien-\u00eatre? Quels outils mettre en place en cas de stress? L&rsquo;atelier se termine par 2 s\u00e9ances de relaxation Pour &hellip; <\/p>\n","protected":false},"author":1,"featured_media":0,"parent":0,"menu_order":0,"comment_status":"closed","ping_status":"closed","template":"","meta":[],"yoast_head":"<!-- This site is optimized with the Yoast SEO plugin v19.4 - https:\/\/yoast.com\/wordpress\/plugins\/seo\/ -->\n<title>Entreprises - La nature au service de votre bien-\u00eatre<\/title>\n<meta name=\"description\" content=\"naturopathe en entreprise, coaching, bien-\u00eatre en entreprise, intervention en entreprise, gestion du stress, p\u00e9v\u00e8le, Lille, atelier\" \/>\n<meta name=\"robots\" content=\"index, follow, max-snippet:-1, max-image-preview:large, max-video-preview:-1\" \/>\n<link rel=\"canonical\" href=\"https:\/\/marieastridflon-naturopathe.fr\/index.php\/entreprises\/\" \/>\n<meta property=\"og:locale\" content=\"fr_FR\" \/>\n<meta property=\"og:type\" content=\"article\" \/>\n<meta property=\"og:title\" content=\"Entreprises - La nature au service de votre bien-\u00eatre\" \/>\n<meta property=\"og:description\" content=\"naturopathe en entreprise, coaching, bien-\u00eatre en entreprise, intervention en entreprise, gestion du stress, p\u00e9v\u00e8le, Lille, atelier\" \/>\n<meta property=\"og:url\" content=\"https:\/\/marieastridflon-naturopathe.fr\/index.php\/entreprises\/\" \/>\n<meta property=\"og:site_name\" content=\"La nature au service de votre bien-\u00eatre\" \/>\n<meta property=\"article:modified_time\" content=\"2021-12-15T12:15:18+00:00\" \/>\n<meta property=\"og:image\" content=\"https:\/\/marieastridflon-naturopathe.fr\/wp-content\/uploads\/2021\/02\/White-Classic-Feminine-Collage-Animated-Social-Media-Graphic-2.gif\" \/>\n<meta name=\"twitter:card\" content=\"summary_large_image\" \/>\n<meta name=\"twitter:label1\" content=\"Dur\u00e9e de lecture estim\u00e9e\" \/>\n\t<meta name=\"twitter:data1\" content=\"2 minutes\" \/>\n<script type=\"application\/ld+json\" class=\"yoast-schema-graph\">{\"@context\":\"https:\/\/schema.org\",\"@graph\":[{\"@type\":\"Organization\",\"@id\":\"https:\/\/marieastridflon-naturopathe.fr\/#organization\",\"name\":\"La nature au service de votre bien-\u00eatre\",\"url\":\"https:\/\/marieastridflon-naturopathe.fr\/\",\"sameAs\":[],\"logo\":{\"@type\":\"ImageObject\",\"inLanguage\":\"fr-FR\",\"@id\":\"https:\/\/marieastridflon-naturopathe.fr\/#\/schema\/logo\/image\/\",\"url\":\"https:\/\/marieastridflon-naturopathe.fr\/wp-content\/uploads\/2024\/09\/cropped-Banniere-Facebook.png\",\"contentUrl\":\"https:\/\/marieastridflon-naturopathe.fr\/wp-content\/uploads\/2024\/09\/cropped-Banniere-Facebook.png\",\"width\":851,\"height\":315,\"caption\":\"La nature au service de votre bien-\u00eatre\"},\"image\":{\"@id\":\"https:\/\/marieastridflon-naturopathe.fr\/#\/schema\/logo\/image\/\"}},{\"@type\":\"WebSite\",\"@id\":\"https:\/\/marieastridflon-naturopathe.fr\/#website\",\"url\":\"https:\/\/marieastridflon-naturopathe.fr\/\",\"name\":\"La nature au service de votre bien-\u00eatre\",\"description\":\"\",\"publisher\":{\"@id\":\"https:\/\/marieastridflon-naturopathe.fr\/#organization\"},\"potentialAction\":[{\"@type\":\"SearchAction\",\"target\":{\"@type\":\"EntryPoint\",\"urlTemplate\":\"https:\/\/marieastridflon-naturopathe.fr\/?s={search_term_string}\"},\"query-input\":\"required name=search_term_string\"}],\"inLanguage\":\"fr-FR\"},{\"@type\":\"WebPage\",\"@id\":\"https:\/\/marieastridflon-naturopathe.fr\/index.php\/entreprises\/\",\"url\":\"https:\/\/marieastridflon-naturopathe.fr\/index.php\/entreprises\/\",\"name\":\"Entreprises - La nature au service de votre bien-\u00eatre\",\"isPartOf\":{\"@id\":\"https:\/\/marieastridflon-naturopathe.fr\/#website\"},\"datePublished\":\"2021-01-27T21:44:55+00:00\",\"dateModified\":\"2021-12-15T12:15:18+00:00\",\"description\":\"naturopathe en entreprise, coaching, bien-\u00eatre en entreprise, intervention en entreprise, gestion du stress, p\u00e9v\u00e8le, Lille, atelier\",\"breadcrumb\":{\"@id\":\"https:\/\/marieastridflon-naturopathe.fr\/index.php\/entreprises\/#breadcrumb\"},\"inLanguage\":\"fr-FR\",\"potentialAction\":[{\"@type\":\"ReadAction\",\"target\":[\"https:\/\/marieastridflon-naturopathe.fr\/index.php\/entreprises\/\"]}]},{\"@type\":\"BreadcrumbList\",\"@id\":\"https:\/\/marieastridflon-naturopathe.fr\/index.php\/entreprises\/#breadcrumb\",\"itemListElement\":[{\"@type\":\"ListItem\",\"position\":1,\"name\":\"Accueil\",\"item\":\"https:\/\/marieastridflon-naturopathe.fr\/\"},{\"@type\":\"ListItem\",\"position\":2,\"name\":\"Entreprises\"}]}]}<\/script>\n<!-- \/ Yoast SEO plugin. -->","yoast_head_json":{"title":"Entreprises - La nature au service de votre bien-\u00eatre","description":"naturopathe en entreprise, coaching, bien-\u00eatre en entreprise, intervention en entreprise, gestion du stress, p\u00e9v\u00e8le, Lille, atelier","robots":{"index":"index","follow":"follow","max-snippet":"max-snippet:-1","max-image-preview":"max-image-preview:large","max-video-preview":"max-video-preview:-1"},"canonical":"https:\/\/marieastridflon-naturopathe.fr\/index.php\/entreprises\/","og_locale":"fr_FR","og_type":"article","og_title":"Entreprises - La nature au service de votre bien-\u00eatre","og_description":"naturopathe en entreprise, coaching, bien-\u00eatre en entreprise, intervention en entreprise, gestion du stress, p\u00e9v\u00e8le, Lille, atelier","og_url":"https:\/\/marieastridflon-naturopathe.fr\/index.php\/entreprises\/","og_site_name":"La nature au service de votre bien-\u00eatre","article_modified_time":"2021-12-15T12:15:18+00:00","og_image":[{"url":"https:\/\/marieastridflon-naturopathe.fr\/wp-content\/uploads\/2021\/02\/White-Classic-Feminine-Collage-Animated-Social-Media-Graphic-2.gif"}],"twitter_card":"summary_large_image","twitter_misc":{"Dur\u00e9e de lecture estim\u00e9e":"2 minutes"},"schema":{"@context":"https:\/\/schema.org","@graph":[{"@type":"Organization","@id":"https:\/\/marieastridflon-naturopathe.fr\/#organization","name":"La nature au service de votre bien-\u00eatre","url":"https:\/\/marieastridflon-naturopathe.fr\/","sameAs":[],"logo":{"@type":"ImageObject","inLanguage":"fr-FR","@id":"https:\/\/marieastridflon-naturopathe.fr\/#\/schema\/logo\/image\/","url":"https:\/\/marieastridflon-naturopathe.fr\/wp-content\/uploads\/2024\/09\/cropped-Banniere-Facebook.png","contentUrl":"https:\/\/marieastridflon-naturopathe.fr\/wp-content\/uploads\/2024\/09\/cropped-Banniere-Facebook.png","width":851,"height":315,"caption":"La nature au service de votre bien-\u00eatre"},"image":{"@id":"https:\/\/marieastridflon-naturopathe.fr\/#\/schema\/logo\/image\/"}},{"@type":"WebSite","@id":"https:\/\/marieastridflon-naturopathe.fr\/#website","url":"https:\/\/marieastridflon-naturopathe.fr\/","name":"La nature au service de votre bien-\u00eatre","description":"","publisher":{"@id":"https:\/\/marieastridflon-naturopathe.fr\/#organization"},"potentialAction":[{"@type":"SearchAction","target":{"@type":"EntryPoint","urlTemplate":"https:\/\/marieastridflon-naturopathe.fr\/?s={search_term_string}"},"query-input":"required name=search_term_string"}],"inLanguage":"fr-FR"},{"@type":"WebPage","@id":"https:\/\/marieastridflon-naturopathe.fr\/index.php\/entreprises\/","url":"https:\/\/marieastridflon-naturopathe.fr\/index.php\/entreprises\/","name":"Entreprises - La nature au service de votre bien-\u00eatre","isPartOf":{"@id":"https:\/\/marieastridflon-naturopathe.fr\/#website"},"datePublished":"2021-01-27T21:44:55+00:00","dateModified":"2021-12-15T12:15:18+00:00","description":"naturopathe en entreprise, coaching, bien-\u00eatre en entreprise, intervention en entreprise, gestion du stress, p\u00e9v\u00e8le, Lille, atelier","breadcrumb":{"@id":"https:\/\/marieastridflon-naturopathe.fr\/index.php\/entreprises\/#breadcrumb"},"inLanguage":"fr-FR","potentialAction":[{"@type":"ReadAction","target":["https:\/\/marieastridflon-naturopathe.fr\/index.php\/entreprises\/"]}]},{"@type":"BreadcrumbList","@id":"https:\/\/marieastridflon-naturopathe.fr\/index.php\/entreprises\/#breadcrumb","itemListElement":[{"@type":"ListItem","position":1,"name":"Accueil","item":"https:\/\/marieastridflon-naturopathe.fr\/"},{"@type":"ListItem","position":2,"name":"Entreprises"}]}]}},"_links":{"self":[{"href":"https:\/\/marieastridflon-naturopathe.fr\/index.php\/wp-json\/wp\/v2\/pages\/240"}],"collection":[{"href":"https:\/\/marieastridflon-naturopathe.fr\/index.php\/wp-json\/wp\/v2\/pages"}],"about":[{"href":"https:\/\/marieastridflon-naturopathe.fr\/index.php\/wp-json\/wp\/v2\/types\/page"}],"author":[{"embeddable":true,"href":"https:\/\/marieastridflon-naturopathe.fr\/index.php\/wp-json\/wp\/v2\/users\/1"}],"replies":[{"embeddable":true,"href":"https:\/\/marieastridflon-naturopathe.fr\/index.php\/wp-json\/wp\/v2\/comments?post=240"}],"version-history":[{"count":8,"href":"https:\/\/marieastridflon-naturopathe.fr\/index.php\/wp-json\/wp\/v2\/pages\/240\/revisions"}],"predecessor-version":[{"id":574,"href":"https:\/\/marieastridflon-naturopathe.fr\/index.php\/wp-json\/wp\/v2\/pages\/240\/revisions\/574"}],"wp:attachment":[{"href":"https:\/\/marieastridflon-naturopathe.fr\/index.php\/wp-json\/wp\/v2\/media?parent=240"}],"curies":[{"name":"wp","href":"https:\/\/api.w.org\/{rel}","templated":true}]}}