{"id":17,"date":"2021-01-04T22:49:03","date_gmt":"2021-01-04T21:49:03","guid":{"rendered":"https:\/\/marieastridflon-naturopathe.fr\/?page_id=17"},"modified":"2021-09-14T13:32:24","modified_gmt":"2021-09-14T11:32:24","slug":"la-naturopathie","status":"publish","type":"page","link":"https:\/\/marieastridflon-naturopathe.fr\/index.php\/la-naturopathie\/","title":{"rendered":"La naturopathie"},"content":{"rendered":"\n<h2><br>Quel est le r\u00f4le du naturopathe?<\/h2>\n\n\n\n<figure class=\"wp-block-image size-large\"><img loading=\"lazy\" width=\"1024\" height=\"576\" src=\"https:\/\/marieastridflon-naturopathe.fr\/wp-content\/uploads\/2021\/01\/visuel.jpeg\" alt=\"\" class=\"wp-image-174\" srcset=\"https:\/\/marieastridflon-naturopathe.fr\/wp-content\/uploads\/2021\/01\/visuel.jpeg 1024w, https:\/\/marieastridflon-naturopathe.fr\/wp-content\/uploads\/2021\/01\/visuel-300x169.jpeg 300w, https:\/\/marieastridflon-naturopathe.fr\/wp-content\/uploads\/2021\/01\/visuel-768x432.jpeg 768w, https:\/\/marieastridflon-naturopathe.fr\/wp-content\/uploads\/2021\/01\/visuel-107x60.jpeg 107w\" sizes=\"(max-width: 1024px) 100vw, 1024px\" \/><\/figure>\n\n\n\n<p>Le <strong>Naturopathe<\/strong> est un \u00e9ducateur de sant\u00e9&#8230;<\/p>\n\n\n\n<p>Reconnue par l<strong>\u2019OMS <\/strong>(Organisation mondiale de la Sant\u00e9) comme \u00e9tant la 3\u00e8 m\u00e9decine traditionnelle, aux cot\u00e9s de la M\u00e9decine Traditionnelle Chinoise et de la M\u00e9decine Ayurv\u00e9dique, la naturopathie est une m\u00e9decine non conventionnelle. Celle-ci prend en consid\u00e9ration l&rsquo;Homme dans son ensemble et cherche \u00e0 agir, non pas sur le sympt\u00f4me, mais sur la <strong>cause<\/strong>.<\/p>\n\n\n\n<p>M\u00e9decine avant tout <strong>pr\u00e9ventive<\/strong>, la naturopathie vise \u00e0 maintenir et\/ou r\u00e9tablir la sant\u00e9 par des <a href=\"https:\/\/marieastridflon-naturopathe.fr\/index.php\/mes-outils\/\">moyens naturels<\/a>. Le <strong>naturopathe<\/strong> cherche \u00e0 r\u00e9tablir les capacit\u00e9s d\u2019<strong>auto-gu\u00e9rison<\/strong> propres \u00e0 chacun. A cet effet, il \u00e9tablit un <strong>bilan de vitalit\u00e9<\/strong>, qui n\u2019est pas un diagnostic mais qui entend, par divers moyens (r\u00e9glage alimentaire, exercices physiques, soutien \u00e9motionnel, etc.) estimer les surcharges et les carences pour stimuler et renforcer les capacit\u00e9s de l&rsquo;organisme.<\/p>\n\n\n\n<p>Le corps, l&rsquo;esprit, les \u00e9motions et l&rsquo;environnement, tout est li\u00e9. Apr\u00e8s un entretien approfondi (en cherchant la <strong>cause <\/strong>profonde des d\u00e9s\u00e9quilibres) un programme personnalis\u00e9 et individualis\u00e9 vous sera propos\u00e9 : Revitalisation ou d\u00e9tox et ce sera \u00e0 vous de jouer!<\/p>\n\n\n\n<p>La naturopathie s\u2019adresse \u00e0 tous : b\u00e9b\u00e9s, enfants, ados, hommes ou femmes, \u00e9tudiants, actifs, femmes enceintes ou allaitantes, sportifs, seniors,\u2026<\/p>\n\n\n\n<hr class=\"wp-block-separator\"\/>\n\n\n\n<p><strong>Quels sont les&nbsp;<strong>principaux motifs de consultation<\/strong>&nbsp;?<\/strong><\/p>\n\n\n\n<figure class=\"wp-block-image size-large\"><img loading=\"lazy\" width=\"1024\" height=\"663\" src=\"https:\/\/marieastridflon-naturopathe.fr\/wp-content\/uploads\/2021\/02\/Green-and-Khaki-Delicate-Medical-Landscape-C-Fold-Brochure-1024x663.jpg\" alt=\"Naturopathe \u00e0 Villeneuve d'Ascq\n\" class=\"wp-image-330\" srcset=\"https:\/\/marieastridflon-naturopathe.fr\/wp-content\/uploads\/2021\/02\/Green-and-Khaki-Delicate-Medical-Landscape-C-Fold-Brochure-1024x663.jpg 1024w, https:\/\/marieastridflon-naturopathe.fr\/wp-content\/uploads\/2021\/02\/Green-and-Khaki-Delicate-Medical-Landscape-C-Fold-Brochure-300x194.jpg 300w, https:\/\/marieastridflon-naturopathe.fr\/wp-content\/uploads\/2021\/02\/Green-and-Khaki-Delicate-Medical-Landscape-C-Fold-Brochure-768x497.jpg 768w, https:\/\/marieastridflon-naturopathe.fr\/wp-content\/uploads\/2021\/02\/Green-and-Khaki-Delicate-Medical-Landscape-C-Fold-Brochure-1536x994.jpg 1536w, https:\/\/marieastridflon-naturopathe.fr\/wp-content\/uploads\/2021\/02\/Green-and-Khaki-Delicate-Medical-Landscape-C-Fold-Brochure-93x60.jpg 93w, https:\/\/marieastridflon-naturopathe.fr\/wp-content\/uploads\/2021\/02\/Green-and-Khaki-Delicate-Medical-Landscape-C-Fold-Brochure.jpg 2000w\" sizes=\"(max-width: 1024px) 100vw, 1024px\" \/><figcaption>Naturopathe <\/figcaption><\/figure>\n\n\n\n<p>L&rsquo;objectif du\u00a0<strong>naturopathe<\/strong>\u00a0n\u2019est pas de se focaliser sur les sympt\u00f4mes des troubles ou <strong>maladies\u00a0<\/strong>mais de comprendre la relation entre dysfonctionnements et erreurs de comportements. Une solution et un accompagnement <strong>individualis\u00e9 <\/strong>seront propos\u00e9s (d\u00e9tox ou revitalisation) dans le but de\u00a0<strong>soulager\u00a0<\/strong>le consultant. <\/p>\n\n\n\n<p>\u00ab La&nbsp;<strong>naturopathie&nbsp;<\/strong>vise \u00e0 pr\u00e9server et optimiser la sant\u00e9 globale de l\u2019individu ainsi qu\u2019\u00e0 aider l\u2019organisme \u00e0&nbsp;<strong>s\u2019auto-r\u00e9g\u00e9n\u00e9rer<\/strong>&nbsp;gr\u00e2ce \u00e0 des moyens naturels\u2026 \u00bb (d\u2019apr\u00e8s la <a href=\"https:\/\/lafena.fr\/\">FENA<\/a> \u2013 F\u00e9d\u00e9ration Fran\u00e7aise des \u00e9coles de Naturopathie).<\/p>\n\n\n\n<ul class=\"wp-block-social-links aligncenter\"><li class=\"wp-social-link wp-social-link-facebook wp-block-social-link\"><a href=\"https:\/\/www.facebook.com\/Marieastridflonnaturopathe\" aria-label=\"Facebook\u00a0: https:\/\/www.facebook.com\/Marieastridflonnaturopathe\"  class=\"wp-block-social-link-anchor\"> <svg width=\"24\" height=\"24\" viewBox=\"0 0 24 24\" version=\"1.1\" xmlns=\"http:\/\/www.w3.org\/2000\/svg\" role=\"img\" aria-hidden=\"true\" focusable=\"false\"><path d=\"M12 2C6.5 2 2 6.5 2 12c0 5 3.7 9.1 8.4 9.9v-7H7.9V12h2.5V9.8c0-2.5 1.5-3.9 3.8-3.9 1.1 0 2.2.2 2.2.2v2.5h-1.3c-1.2 0-1.6.8-1.6 1.6V12h2.8l-.4 2.9h-2.3v7C18.3 21.1 22 17 22 12c0-5.5-4.5-10-10-10z\"><\/path><\/svg><\/a><\/li>\n\n<li class=\"wp-social-link wp-social-link-instagram wp-block-social-link\"><a href=\"https:\/\/www.instagram.com\/marieastridflon.naturo\/\" aria-label=\"Instagram\u00a0: https:\/\/www.instagram.com\/marieastridflon.naturo\/\"  class=\"wp-block-social-link-anchor\"> <svg width=\"24\" height=\"24\" viewBox=\"0 0 24 24\" version=\"1.1\" xmlns=\"http:\/\/www.w3.org\/2000\/svg\" role=\"img\" aria-hidden=\"true\" focusable=\"false\"><path d=\"M12,4.622c2.403,0,2.688,0.009,3.637,0.052c0.877,0.04,1.354,0.187,1.671,0.31c0.42,0.163,0.72,0.358,1.035,0.673 c0.315,0.315,0.51,0.615,0.673,1.035c0.123,0.317,0.27,0.794,0.31,1.671c0.043,0.949,0.052,1.234,0.052,3.637 s-0.009,2.688-0.052,3.637c-0.04,0.877-0.187,1.354-0.31,1.671c-0.163,0.42-0.358,0.72-0.673,1.035 c-0.315,0.315-0.615,0.51-1.035,0.673c-0.317,0.123-0.794,0.27-1.671,0.31c-0.949,0.043-1.233,0.052-3.637,0.052 s-2.688-0.009-3.637-0.052c-0.877-0.04-1.354-0.187-1.671-0.31c-0.42-0.163-0.72-0.358-1.035-0.673 c-0.315-0.315-0.51-0.615-0.673-1.035c-0.123-0.317-0.27-0.794-0.31-1.671C4.631,14.688,4.622,14.403,4.622,12 s0.009-2.688,0.052-3.637c0.04-0.877,0.187-1.354,0.31-1.671c0.163-0.42,0.358-0.72,0.673-1.035 c0.315-0.315,0.615-0.51,1.035-0.673c0.317-0.123,0.794-0.27,1.671-0.31C9.312,4.631,9.597,4.622,12,4.622 M12,3 C9.556,3,9.249,3.01,8.289,3.054C7.331,3.098,6.677,3.25,6.105,3.472C5.513,3.702,5.011,4.01,4.511,4.511 c-0.5,0.5-0.808,1.002-1.038,1.594C3.25,6.677,3.098,7.331,3.054,8.289C3.01,9.249,3,9.556,3,12c0,2.444,0.01,2.751,0.054,3.711 c0.044,0.958,0.196,1.612,0.418,2.185c0.23,0.592,0.538,1.094,1.038,1.594c0.5,0.5,1.002,0.808,1.594,1.038 c0.572,0.222,1.227,0.375,2.185,0.418C9.249,20.99,9.556,21,12,21s2.751-0.01,3.711-0.054c0.958-0.044,1.612-0.196,2.185-0.418 c0.592-0.23,1.094-0.538,1.594-1.038c0.5-0.5,0.808-1.002,1.038-1.594c0.222-0.572,0.375-1.227,0.418-2.185 C20.99,14.751,21,14.444,21,12s-0.01-2.751-0.054-3.711c-0.044-0.958-0.196-1.612-0.418-2.185c-0.23-0.592-0.538-1.094-1.038-1.594 c-0.5-0.5-1.002-0.808-1.594-1.038c-0.572-0.222-1.227-0.375-2.185-0.418C14.751,3.01,14.444,3,12,3L12,3z M12,7.378 c-2.552,0-4.622,2.069-4.622,4.622S9.448,16.622,12,16.622s4.622-2.069,4.622-4.622S14.552,7.378,12,7.378z M12,15 c-1.657,0-3-1.343-3-3s1.343-3,3-3s3,1.343,3,3S13.657,15,12,15z M16.804,6.116c-0.596,0-1.08,0.484-1.08,1.08 s0.484,1.08,1.08,1.08c0.596,0,1.08-0.484,1.08-1.08S17.401,6.116,16.804,6.116z\"><\/path><\/svg><\/a><\/li><\/ul>\n\n\n\n<p><\/p>\n","protected":false},"excerpt":{"rendered":"<p>Quel est le r\u00f4le du naturopathe? Le Naturopathe est un \u00e9ducateur de sant\u00e9&#8230; Reconnue par l\u2019OMS (Organisation mondiale de la Sant\u00e9) comme \u00e9tant la 3\u00e8 m\u00e9decine traditionnelle, aux cot\u00e9s de la M\u00e9decine Traditionnelle Chinoise et de la M\u00e9decine Ayurv\u00e9dique, la naturopathie est une m\u00e9decine non conventionnelle. Celle-ci prend en consid\u00e9ration l&rsquo;Homme dans son ensemble et &hellip; <\/p>\n","protected":false},"author":1,"featured_media":0,"parent":0,"menu_order":0,"comment_status":"closed","ping_status":"closed","template":"","meta":[],"yoast_head":"<!-- This site is optimized with the Yoast SEO plugin v19.4 - https:\/\/yoast.com\/wordpress\/plugins\/seo\/ -->\n<title>La naturopathie - La nature au service de votre bien-\u00eatre<\/title>\n<meta name=\"description\" content=\"Naturopathe sur Lille et Villeneuve d&#039;Ascq, conseils en hygi\u00e8ne de vie, alimentation, bien-\u00eatre et sant\u00e9 au f\u00e9minin, gestion du stress\" \/>\n<meta name=\"robots\" content=\"index, follow, max-snippet:-1, max-image-preview:large, max-video-preview:-1\" \/>\n<link rel=\"canonical\" href=\"https:\/\/marieastridflon-naturopathe.fr\/index.php\/la-naturopathie\/\" \/>\n<meta property=\"og:locale\" content=\"fr_FR\" \/>\n<meta property=\"og:type\" content=\"article\" \/>\n<meta property=\"og:title\" content=\"La naturopathie - La nature au service de votre bien-\u00eatre\" \/>\n<meta property=\"og:description\" content=\"Naturopathe sur Lille et Villeneuve d&#039;Ascq, conseils en hygi\u00e8ne de vie, alimentation, bien-\u00eatre et sant\u00e9 au f\u00e9minin, gestion du stress\" \/>\n<meta property=\"og:url\" content=\"https:\/\/marieastridflon-naturopathe.fr\/index.php\/la-naturopathie\/\" \/>\n<meta property=\"og:site_name\" content=\"La nature au service de votre bien-\u00eatre\" \/>\n<meta property=\"article:modified_time\" content=\"2021-09-14T11:32:24+00:00\" \/>\n<meta property=\"og:image\" content=\"https:\/\/marieastridflon-naturopathe.fr\/wp-content\/uploads\/2021\/01\/visuel.jpeg\" \/>\n<meta name=\"twitter:card\" content=\"summary_large_image\" \/>\n<meta name=\"twitter:label1\" content=\"Dur\u00e9e de lecture estim\u00e9e\" \/>\n\t<meta name=\"twitter:data1\" content=\"2 minutes\" \/>\n<script type=\"application\/ld+json\" class=\"yoast-schema-graph\">{\"@context\":\"https:\/\/schema.org\",\"@graph\":[{\"@type\":\"Organization\",\"@id\":\"https:\/\/marieastridflon-naturopathe.fr\/#organization\",\"name\":\"La nature au service de votre bien-\u00eatre\",\"url\":\"https:\/\/marieastridflon-naturopathe.fr\/\",\"sameAs\":[],\"logo\":{\"@type\":\"ImageObject\",\"inLanguage\":\"fr-FR\",\"@id\":\"https:\/\/marieastridflon-naturopathe.fr\/#\/schema\/logo\/image\/\",\"url\":\"https:\/\/marieastridflon-naturopathe.fr\/wp-content\/uploads\/2024\/09\/cropped-Banniere-Facebook.png\",\"contentUrl\":\"https:\/\/marieastridflon-naturopathe.fr\/wp-content\/uploads\/2024\/09\/cropped-Banniere-Facebook.png\",\"width\":851,\"height\":315,\"caption\":\"La nature au service de votre bien-\u00eatre\"},\"image\":{\"@id\":\"https:\/\/marieastridflon-naturopathe.fr\/#\/schema\/logo\/image\/\"}},{\"@type\":\"WebSite\",\"@id\":\"https:\/\/marieastridflon-naturopathe.fr\/#website\",\"url\":\"https:\/\/marieastridflon-naturopathe.fr\/\",\"name\":\"La nature au service de votre bien-\u00eatre\",\"description\":\"\",\"publisher\":{\"@id\":\"https:\/\/marieastridflon-naturopathe.fr\/#organization\"},\"potentialAction\":[{\"@type\":\"SearchAction\",\"target\":{\"@type\":\"EntryPoint\",\"urlTemplate\":\"https:\/\/marieastridflon-naturopathe.fr\/?s={search_term_string}\"},\"query-input\":\"required name=search_term_string\"}],\"inLanguage\":\"fr-FR\"},{\"@type\":\"WebPage\",\"@id\":\"https:\/\/marieastridflon-naturopathe.fr\/index.php\/la-naturopathie\/\",\"url\":\"https:\/\/marieastridflon-naturopathe.fr\/index.php\/la-naturopathie\/\",\"name\":\"La naturopathie - La nature au service de votre bien-\u00eatre\",\"isPartOf\":{\"@id\":\"https:\/\/marieastridflon-naturopathe.fr\/#website\"},\"datePublished\":\"2021-01-04T21:49:03+00:00\",\"dateModified\":\"2021-09-14T11:32:24+00:00\",\"description\":\"Naturopathe sur Lille et Villeneuve d'Ascq, conseils en hygi\u00e8ne de vie, alimentation, bien-\u00eatre et sant\u00e9 au f\u00e9minin, gestion du stress\",\"breadcrumb\":{\"@id\":\"https:\/\/marieastridflon-naturopathe.fr\/index.php\/la-naturopathie\/#breadcrumb\"},\"inLanguage\":\"fr-FR\",\"potentialAction\":[{\"@type\":\"ReadAction\",\"target\":[\"https:\/\/marieastridflon-naturopathe.fr\/index.php\/la-naturopathie\/\"]}]},{\"@type\":\"BreadcrumbList\",\"@id\":\"https:\/\/marieastridflon-naturopathe.fr\/index.php\/la-naturopathie\/#breadcrumb\",\"itemListElement\":[{\"@type\":\"ListItem\",\"position\":1,\"name\":\"Accueil\",\"item\":\"https:\/\/marieastridflon-naturopathe.fr\/\"},{\"@type\":\"ListItem\",\"position\":2,\"name\":\"La naturopathie\"}]}]}<\/script>\n<!-- \/ Yoast SEO plugin. -->","yoast_head_json":{"title":"La naturopathie - La nature au service de votre bien-\u00eatre","description":"Naturopathe sur Lille et Villeneuve d'Ascq, conseils en hygi\u00e8ne de vie, alimentation, bien-\u00eatre et sant\u00e9 au f\u00e9minin, gestion du stress","robots":{"index":"index","follow":"follow","max-snippet":"max-snippet:-1","max-image-preview":"max-image-preview:large","max-video-preview":"max-video-preview:-1"},"canonical":"https:\/\/marieastridflon-naturopathe.fr\/index.php\/la-naturopathie\/","og_locale":"fr_FR","og_type":"article","og_title":"La naturopathie - La nature au service de votre bien-\u00eatre","og_description":"Naturopathe sur Lille et Villeneuve d'Ascq, conseils en hygi\u00e8ne de vie, alimentation, bien-\u00eatre et sant\u00e9 au f\u00e9minin, gestion du stress","og_url":"https:\/\/marieastridflon-naturopathe.fr\/index.php\/la-naturopathie\/","og_site_name":"La nature au service de votre bien-\u00eatre","article_modified_time":"2021-09-14T11:32:24+00:00","og_image":[{"url":"https:\/\/marieastridflon-naturopathe.fr\/wp-content\/uploads\/2021\/01\/visuel.jpeg"}],"twitter_card":"summary_large_image","twitter_misc":{"Dur\u00e9e de lecture estim\u00e9e":"2 minutes"},"schema":{"@context":"https:\/\/schema.org","@graph":[{"@type":"Organization","@id":"https:\/\/marieastridflon-naturopathe.fr\/#organization","name":"La nature au service de votre bien-\u00eatre","url":"https:\/\/marieastridflon-naturopathe.fr\/","sameAs":[],"logo":{"@type":"ImageObject","inLanguage":"fr-FR","@id":"https:\/\/marieastridflon-naturopathe.fr\/#\/schema\/logo\/image\/","url":"https:\/\/marieastridflon-naturopathe.fr\/wp-content\/uploads\/2024\/09\/cropped-Banniere-Facebook.png","contentUrl":"https:\/\/marieastridflon-naturopathe.fr\/wp-content\/uploads\/2024\/09\/cropped-Banniere-Facebook.png","width":851,"height":315,"caption":"La nature au service de votre bien-\u00eatre"},"image":{"@id":"https:\/\/marieastridflon-naturopathe.fr\/#\/schema\/logo\/image\/"}},{"@type":"WebSite","@id":"https:\/\/marieastridflon-naturopathe.fr\/#website","url":"https:\/\/marieastridflon-naturopathe.fr\/","name":"La nature au service de votre bien-\u00eatre","description":"","publisher":{"@id":"https:\/\/marieastridflon-naturopathe.fr\/#organization"},"potentialAction":[{"@type":"SearchAction","target":{"@type":"EntryPoint","urlTemplate":"https:\/\/marieastridflon-naturopathe.fr\/?s={search_term_string}"},"query-input":"required name=search_term_string"}],"inLanguage":"fr-FR"},{"@type":"WebPage","@id":"https:\/\/marieastridflon-naturopathe.fr\/index.php\/la-naturopathie\/","url":"https:\/\/marieastridflon-naturopathe.fr\/index.php\/la-naturopathie\/","name":"La naturopathie - La nature au service de votre bien-\u00eatre","isPartOf":{"@id":"https:\/\/marieastridflon-naturopathe.fr\/#website"},"datePublished":"2021-01-04T21:49:03+00:00","dateModified":"2021-09-14T11:32:24+00:00","description":"Naturopathe sur Lille et Villeneuve d'Ascq, conseils en hygi\u00e8ne de vie, alimentation, bien-\u00eatre et sant\u00e9 au f\u00e9minin, gestion du stress","breadcrumb":{"@id":"https:\/\/marieastridflon-naturopathe.fr\/index.php\/la-naturopathie\/#breadcrumb"},"inLanguage":"fr-FR","potentialAction":[{"@type":"ReadAction","target":["https:\/\/marieastridflon-naturopathe.fr\/index.php\/la-naturopathie\/"]}]},{"@type":"BreadcrumbList","@id":"https:\/\/marieastridflon-naturopathe.fr\/index.php\/la-naturopathie\/#breadcrumb","itemListElement":[{"@type":"ListItem","position":1,"name":"Accueil","item":"https:\/\/marieastridflon-naturopathe.fr\/"},{"@type":"ListItem","position":2,"name":"La naturopathie"}]}]}},"_links":{"self":[{"href":"https:\/\/marieastridflon-naturopathe.fr\/index.php\/wp-json\/wp\/v2\/pages\/17"}],"collection":[{"href":"https:\/\/marieastridflon-naturopathe.fr\/index.php\/wp-json\/wp\/v2\/pages"}],"about":[{"href":"https:\/\/marieastridflon-naturopathe.fr\/index.php\/wp-json\/wp\/v2\/types\/page"}],"author":[{"embeddable":true,"href":"https:\/\/marieastridflon-naturopathe.fr\/index.php\/wp-json\/wp\/v2\/users\/1"}],"replies":[{"embeddable":true,"href":"https:\/\/marieastridflon-naturopathe.fr\/index.php\/wp-json\/wp\/v2\/comments?post=17"}],"version-history":[{"count":24,"href":"https:\/\/marieastridflon-naturopathe.fr\/index.php\/wp-json\/wp\/v2\/pages\/17\/revisions"}],"predecessor-version":[{"id":535,"href":"https:\/\/marieastridflon-naturopathe.fr\/index.php\/wp-json\/wp\/v2\/pages\/17\/revisions\/535"}],"wp:attachment":[{"href":"https:\/\/marieastridflon-naturopathe.fr\/index.php\/wp-json\/wp\/v2\/media?parent=17"}],"curies":[{"name":"wp","href":"https:\/\/api.w.org\/{rel}","templated":true}]}}